{"id":101,"date":"2024-04-26T05:02:40","date_gmt":"2024-04-26T03:02:40","guid":{"rendered":"https:\/\/redescord.com.co\/?page_id=101"},"modified":"2024-05-31T22:28:35","modified_gmt":"2024-06-01T03:28:35","slug":"implementacion-del-proyecto","status":"publish","type":"page","link":"https:\/\/redescord.com.co\/?page_id=101","title":{"rendered":"Sistematizaci\u00f3n"},"content":{"rendered":"<p>Tenemos servicios orientados a la reducci\u00f3n de costos administrativos, involucrando el recurso humano donde los asesoramos para poder hacer la integraci\u00f3n de los procesos manuales en procesos sistematizados, unificando las bases de datos o tablas de excel.<\/p>\n<p>Para ello implementamos herramientas tecnol\u00f3gicas como app Sheet, Power BI o Looker Studio.<\/p>\n\n\n<figure class=\"wp-block-gallery has-nested-images columns-default is-cropped wp-block-gallery-1 is-layout-flex wp-block-gallery-is-layout-flex\">\n<figure class=\"wp-block-image size-large\"><img loading=\"lazy\" decoding=\"async\" width=\"1024\" height=\"171\" data-id=\"230\" src=\"https:\/\/redescord.com.co\/wp-content\/uploads\/2024\/05\/Logos-sistematizacion-redescord-2-1-1024x171.png\" alt=\"\" class=\"wp-image-230\" srcset=\"https:\/\/redescord.com.co\/wp-content\/uploads\/2024\/05\/Logos-sistematizacion-redescord-2-1-1024x171.png 1024w, https:\/\/redescord.com.co\/wp-content\/uploads\/2024\/05\/Logos-sistematizacion-redescord-2-1-300x50.png 300w, https:\/\/redescord.com.co\/wp-content\/uploads\/2024\/05\/Logos-sistematizacion-redescord-2-1-768x128.png 768w, https:\/\/redescord.com.co\/wp-content\/uploads\/2024\/05\/Logos-sistematizacion-redescord-2-1-1536x256.png 1536w, https:\/\/redescord.com.co\/wp-content\/uploads\/2024\/05\/Logos-sistematizacion-redescord-2-1-2048x342.png 2048w\" sizes=\"auto, (max-width: 1024px) 100vw, 1024px\" \/><\/figure>\n<\/figure>\n","protected":false},"excerpt":{"rendered":"<p>Tenemos servicios orientados a la reducci\u00f3n de costos administrativos, involucrando el recurso humano donde los asesoramos para poder hacer la integraci\u00f3n de los procesos manuales en procesos sistematizados, unificando las bases de datos o tablas de excel. Para ello implementamos herramientas tecnol\u00f3gicas como app Sheet, Power BI o Looker Studio.<\/p>\n","protected":false},"author":1,"featured_media":0,"parent":80,"menu_order":4,"comment_status":"closed","ping_status":"closed","template":"","meta":{"footnotes":""},"class_list":["post-101","page","type-page","status-publish","hentry"],"yoast_head":"<!-- This site is optimized with the Yoast SEO plugin v22.5 - https:\/\/yoast.com\/wordpress\/plugins\/seo\/ -->\n<title>Sistematizaci\u00f3n - RedesCord<\/title>\n<meta name=\"robots\" content=\"index, follow, max-snippet:-1, max-image-preview:large, max-video-preview:-1\" \/>\n<link rel=\"canonical\" href=\"https:\/\/redescord.com.co\/?page_id=101\" \/>\n<meta property=\"og:locale\" content=\"es_ES\" \/>\n<meta property=\"og:type\" content=\"article\" \/>\n<meta property=\"og:title\" content=\"Sistematizaci\u00f3n - RedesCord\" \/>\n<meta property=\"og:description\" content=\"Tenemos servicios orientados a la reducci\u00f3n de costos administrativos, involucrando el recurso humano donde los asesoramos para poder hacer la integraci\u00f3n de los procesos manuales en procesos sistematizados, unificando las bases de datos o tablas de excel. Para ello implementamos herramientas tecnol\u00f3gicas como app Sheet, Power BI o Looker Studio.\" \/>\n<meta property=\"og:url\" content=\"https:\/\/redescord.com.co\/?page_id=101\" \/>\n<meta property=\"og:site_name\" content=\"RedesCord\" \/>\n<meta property=\"article:modified_time\" content=\"2024-06-01T03:28:35+00:00\" \/>\n<meta property=\"og:image\" content=\"https:\/\/redescord.com.co\/wp-content\/uploads\/2024\/05\/Logos-sistematizacion-redescord-2-1-1024x171.png\" \/>\n<meta name=\"twitter:card\" content=\"summary_large_image\" \/>\n<meta name=\"twitter:label1\" content=\"Tiempo de lectura\" \/>\n\t<meta name=\"twitter:data1\" content=\"1 minuto\" \/>\n<script type=\"application\/ld+json\" class=\"yoast-schema-graph\">{\"@context\":\"https:\/\/schema.org\",\"@graph\":[{\"@type\":\"WebPage\",\"@id\":\"https:\/\/redescord.com.co\/?page_id=101\",\"url\":\"https:\/\/redescord.com.co\/?page_id=101\",\"name\":\"Sistematizaci\u00f3n - RedesCord\",\"isPartOf\":{\"@id\":\"https:\/\/redescord.com.co\/#website\"},\"primaryImageOfPage\":{\"@id\":\"https:\/\/redescord.com.co\/?page_id=101#primaryimage\"},\"image\":{\"@id\":\"https:\/\/redescord.com.co\/?page_id=101#primaryimage\"},\"thumbnailUrl\":\"https:\/\/redescord.com.co\/wp-content\/uploads\/2024\/05\/Logos-sistematizacion-redescord-2-1-1024x171.png\",\"datePublished\":\"2024-04-26T03:02:40+00:00\",\"dateModified\":\"2024-06-01T03:28:35+00:00\",\"breadcrumb\":{\"@id\":\"https:\/\/redescord.com.co\/?page_id=101#breadcrumb\"},\"inLanguage\":\"es\",\"potentialAction\":[{\"@type\":\"ReadAction\",\"target\":[\"https:\/\/redescord.com.co\/?page_id=101\"]}]},{\"@type\":\"ImageObject\",\"inLanguage\":\"es\",\"@id\":\"https:\/\/redescord.com.co\/?page_id=101#primaryimage\",\"url\":\"https:\/\/redescord.com.co\/wp-content\/uploads\/2024\/05\/Logos-sistematizacion-redescord-2-1.png\",\"contentUrl\":\"https:\/\/redescord.com.co\/wp-content\/uploads\/2024\/05\/Logos-sistematizacion-redescord-2-1.png\",\"width\":2301,\"height\":384},{\"@type\":\"BreadcrumbList\",\"@id\":\"https:\/\/redescord.com.co\/?page_id=101#breadcrumb\",\"itemListElement\":[{\"@type\":\"ListItem\",\"position\":1,\"name\":\"Portada\",\"item\":\"https:\/\/redescord.com.co\/\"},{\"@type\":\"ListItem\",\"position\":2,\"name\":\"Servicios\",\"item\":\"https:\/\/redescord.com.co\/?page_id=80\"},{\"@type\":\"ListItem\",\"position\":3,\"name\":\"Sistematizaci\u00f3n\"}]},{\"@type\":\"WebSite\",\"@id\":\"https:\/\/redescord.com.co\/#website\",\"url\":\"https:\/\/redescord.com.co\/\",\"name\":\"Redescord\",\"description\":\"Soluciones tecnol\u00f3gicas a la medida de su empresa o negocio\",\"publisher\":{\"@id\":\"https:\/\/redescord.com.co\/#organization\"},\"potentialAction\":[{\"@type\":\"SearchAction\",\"target\":{\"@type\":\"EntryPoint\",\"urlTemplate\":\"https:\/\/redescord.com.co\/?s={search_term_string}\"},\"query-input\":\"required name=search_term_string\"}],\"inLanguage\":\"es\"},{\"@type\":\"Organization\",\"@id\":\"https:\/\/redescord.com.co\/#organization\",\"name\":\"Redescord\",\"url\":\"https:\/\/redescord.com.co\/\",\"logo\":{\"@type\":\"ImageObject\",\"inLanguage\":\"es\",\"@id\":\"https:\/\/redescord.com.co\/#\/schema\/logo\/image\/\",\"url\":\"https:\/\/redescord.com.co\/wp-content\/uploads\/2024\/04\/cropped-LOGO-RedesCord-2024-2.png\",\"contentUrl\":\"https:\/\/redescord.com.co\/wp-content\/uploads\/2024\/04\/cropped-LOGO-RedesCord-2024-2.png\",\"width\":512,\"height\":512,\"caption\":\"Redescord\"},\"image\":{\"@id\":\"https:\/\/redescord.com.co\/#\/schema\/logo\/image\/\"}}]}<\/script>\n<!-- \/ Yoast SEO plugin. -->","yoast_head_json":{"title":"Sistematizaci\u00f3n - RedesCord","robots":{"index":"index","follow":"follow","max-snippet":"max-snippet:-1","max-image-preview":"max-image-preview:large","max-video-preview":"max-video-preview:-1"},"canonical":"https:\/\/redescord.com.co\/?page_id=101","og_locale":"es_ES","og_type":"article","og_title":"Sistematizaci\u00f3n - RedesCord","og_description":"Tenemos servicios orientados a la reducci\u00f3n de costos administrativos, involucrando el recurso humano donde los asesoramos para poder hacer la integraci\u00f3n de los procesos manuales en procesos sistematizados, unificando las bases de datos o tablas de excel. Para ello implementamos herramientas tecnol\u00f3gicas como app Sheet, Power BI o Looker Studio.","og_url":"https:\/\/redescord.com.co\/?page_id=101","og_site_name":"RedesCord","article_modified_time":"2024-06-01T03:28:35+00:00","og_image":[{"url":"https:\/\/redescord.com.co\/wp-content\/uploads\/2024\/05\/Logos-sistematizacion-redescord-2-1-1024x171.png"}],"twitter_card":"summary_large_image","twitter_misc":{"Tiempo de lectura":"1 minuto"},"schema":{"@context":"https:\/\/schema.org","@graph":[{"@type":"WebPage","@id":"https:\/\/redescord.com.co\/?page_id=101","url":"https:\/\/redescord.com.co\/?page_id=101","name":"Sistematizaci\u00f3n - RedesCord","isPartOf":{"@id":"https:\/\/redescord.com.co\/#website"},"primaryImageOfPage":{"@id":"https:\/\/redescord.com.co\/?page_id=101#primaryimage"},"image":{"@id":"https:\/\/redescord.com.co\/?page_id=101#primaryimage"},"thumbnailUrl":"https:\/\/redescord.com.co\/wp-content\/uploads\/2024\/05\/Logos-sistematizacion-redescord-2-1-1024x171.png","datePublished":"2024-04-26T03:02:40+00:00","dateModified":"2024-06-01T03:28:35+00:00","breadcrumb":{"@id":"https:\/\/redescord.com.co\/?page_id=101#breadcrumb"},"inLanguage":"es","potentialAction":[{"@type":"ReadAction","target":["https:\/\/redescord.com.co\/?page_id=101"]}]},{"@type":"ImageObject","inLanguage":"es","@id":"https:\/\/redescord.com.co\/?page_id=101#primaryimage","url":"https:\/\/redescord.com.co\/wp-content\/uploads\/2024\/05\/Logos-sistematizacion-redescord-2-1.png","contentUrl":"https:\/\/redescord.com.co\/wp-content\/uploads\/2024\/05\/Logos-sistematizacion-redescord-2-1.png","width":2301,"height":384},{"@type":"BreadcrumbList","@id":"https:\/\/redescord.com.co\/?page_id=101#breadcrumb","itemListElement":[{"@type":"ListItem","position":1,"name":"Portada","item":"https:\/\/redescord.com.co\/"},{"@type":"ListItem","position":2,"name":"Servicios","item":"https:\/\/redescord.com.co\/?page_id=80"},{"@type":"ListItem","position":3,"name":"Sistematizaci\u00f3n"}]},{"@type":"WebSite","@id":"https:\/\/redescord.com.co\/#website","url":"https:\/\/redescord.com.co\/","name":"Redescord","description":"Soluciones tecnol\u00f3gicas a la medida de su empresa o negocio","publisher":{"@id":"https:\/\/redescord.com.co\/#organization"},"potentialAction":[{"@type":"SearchAction","target":{"@type":"EntryPoint","urlTemplate":"https:\/\/redescord.com.co\/?s={search_term_string}"},"query-input":"required name=search_term_string"}],"inLanguage":"es"},{"@type":"Organization","@id":"https:\/\/redescord.com.co\/#organization","name":"Redescord","url":"https:\/\/redescord.com.co\/","logo":{"@type":"ImageObject","inLanguage":"es","@id":"https:\/\/redescord.com.co\/#\/schema\/logo\/image\/","url":"https:\/\/redescord.com.co\/wp-content\/uploads\/2024\/04\/cropped-LOGO-RedesCord-2024-2.png","contentUrl":"https:\/\/redescord.com.co\/wp-content\/uploads\/2024\/04\/cropped-LOGO-RedesCord-2024-2.png","width":512,"height":512,"caption":"Redescord"},"image":{"@id":"https:\/\/redescord.com.co\/#\/schema\/logo\/image\/"}}]}},"_links":{"self":[{"href":"https:\/\/redescord.com.co\/index.php?rest_route=\/wp\/v2\/pages\/101","targetHints":{"allow":["GET"]}}],"collection":[{"href":"https:\/\/redescord.com.co\/index.php?rest_route=\/wp\/v2\/pages"}],"about":[{"href":"https:\/\/redescord.com.co\/index.php?rest_route=\/wp\/v2\/types\/page"}],"author":[{"embeddable":true,"href":"https:\/\/redescord.com.co\/index.php?rest_route=\/wp\/v2\/users\/1"}],"replies":[{"embeddable":true,"href":"https:\/\/redescord.com.co\/index.php?rest_route=%2Fwp%2Fv2%2Fcomments&post=101"}],"version-history":[{"count":6,"href":"https:\/\/redescord.com.co\/index.php?rest_route=\/wp\/v2\/pages\/101\/revisions"}],"predecessor-version":[{"id":231,"href":"https:\/\/redescord.com.co\/index.php?rest_route=\/wp\/v2\/pages\/101\/revisions\/231"}],"up":[{"embeddable":true,"href":"https:\/\/redescord.com.co\/index.php?rest_route=\/wp\/v2\/pages\/80"}],"wp:attachment":[{"href":"https:\/\/redescord.com.co\/index.php?rest_route=%2Fwp%2Fv2%2Fmedia&parent=101"}],"curies":[{"name":"wp","href":"https:\/\/api.w.org\/{rel}","templated":true}]}}