{"id":120,"date":"2024-04-26T05:32:45","date_gmt":"2024-04-26T03:32:45","guid":{"rendered":"https:\/\/redescord.com.co\/?page_id=120"},"modified":"2024-04-26T05:54:30","modified_gmt":"2024-04-26T03:54:30","slug":"sector-educativo","status":"publish","type":"page","link":"https:\/\/redescord.com.co\/?page_id=120","title":{"rendered":"Sector educativo"},"content":{"rendered":"<p>Prestamos la consultor\u00eda en la implementaci\u00f3n de los Data Center de su instituci\u00f3n educativa. Especialmente en aulas de sistemas dando capacitaci\u00f3n continua a los docentes.<\/p>\n<p>Estos son algunos de nuestros clientes en el sector educativo:<\/p>\n<p>&nbsp;<\/p>\n<ul>\n<li>Fundaci\u00f3n Clara Casas M\u00f3rales.<\/li>\n<li>Corporaci\u00f3n infancia y desarrollo.<\/li>\n<\/ul>\n","protected":false},"excerpt":{"rendered":"<p>Prestamos la consultor\u00eda en la implementaci\u00f3n de los Data Center de su instituci\u00f3n educativa. Especialmente en aulas de sistemas dando capacitaci\u00f3n continua a los docentes. Estos son algunos de nuestros clientes en el sector educativo: &nbsp; Fundaci\u00f3n Clara Casas M\u00f3rales. Corporaci\u00f3n infancia y desarrollo.<\/p>\n","protected":false},"author":1,"featured_media":0,"parent":87,"menu_order":2,"comment_status":"closed","ping_status":"closed","template":"","meta":{"footnotes":""},"class_list":["post-120","page","type-page","status-publish","hentry"],"yoast_head":"<!-- This site is optimized with the Yoast SEO plugin v22.5 - https:\/\/yoast.com\/wordpress\/plugins\/seo\/ -->\n<title>Sector educativo - RedesCord<\/title>\n<meta name=\"robots\" content=\"index, follow, max-snippet:-1, max-image-preview:large, max-video-preview:-1\" \/>\n<link rel=\"canonical\" href=\"https:\/\/redescord.com.co\/?page_id=120\" \/>\n<meta property=\"og:locale\" content=\"es_ES\" \/>\n<meta property=\"og:type\" content=\"article\" \/>\n<meta property=\"og:title\" content=\"Sector educativo - RedesCord\" \/>\n<meta property=\"og:description\" content=\"Prestamos la consultor\u00eda en la implementaci\u00f3n de los Data Center de su instituci\u00f3n educativa. Especialmente en aulas de sistemas dando capacitaci\u00f3n continua a los docentes. Estos son algunos de nuestros clientes en el sector educativo: &nbsp; Fundaci\u00f3n Clara Casas M\u00f3rales. Corporaci\u00f3n infancia y desarrollo.\" \/>\n<meta property=\"og:url\" content=\"https:\/\/redescord.com.co\/?page_id=120\" \/>\n<meta property=\"og:site_name\" content=\"RedesCord\" \/>\n<meta property=\"article:modified_time\" content=\"2024-04-26T03:54:30+00:00\" \/>\n<meta name=\"twitter:card\" content=\"summary_large_image\" \/>\n<meta name=\"twitter:label1\" content=\"Tiempo de lectura\" \/>\n\t<meta name=\"twitter:data1\" content=\"1 minuto\" \/>\n<script type=\"application\/ld+json\" class=\"yoast-schema-graph\">{\"@context\":\"https:\/\/schema.org\",\"@graph\":[{\"@type\":\"WebPage\",\"@id\":\"https:\/\/redescord.com.co\/?page_id=120\",\"url\":\"https:\/\/redescord.com.co\/?page_id=120\",\"name\":\"Sector educativo - RedesCord\",\"isPartOf\":{\"@id\":\"https:\/\/redescord.com.co\/#website\"},\"datePublished\":\"2024-04-26T03:32:45+00:00\",\"dateModified\":\"2024-04-26T03:54:30+00:00\",\"breadcrumb\":{\"@id\":\"https:\/\/redescord.com.co\/?page_id=120#breadcrumb\"},\"inLanguage\":\"es\",\"potentialAction\":[{\"@type\":\"ReadAction\",\"target\":[\"https:\/\/redescord.com.co\/?page_id=120\"]}]},{\"@type\":\"BreadcrumbList\",\"@id\":\"https:\/\/redescord.com.co\/?page_id=120#breadcrumb\",\"itemListElement\":[{\"@type\":\"ListItem\",\"position\":1,\"name\":\"Portada\",\"item\":\"https:\/\/redescord.com.co\/\"},{\"@type\":\"ListItem\",\"position\":2,\"name\":\"Clientes\",\"item\":\"https:\/\/redescord.com.co\/?page_id=87\"},{\"@type\":\"ListItem\",\"position\":3,\"name\":\"Sector educativo\"}]},{\"@type\":\"WebSite\",\"@id\":\"https:\/\/redescord.com.co\/#website\",\"url\":\"https:\/\/redescord.com.co\/\",\"name\":\"Redescord\",\"description\":\"Soluciones tecnol\u00f3gicas a la medida de su empresa o negocio\",\"publisher\":{\"@id\":\"https:\/\/redescord.com.co\/#organization\"},\"potentialAction\":[{\"@type\":\"SearchAction\",\"target\":{\"@type\":\"EntryPoint\",\"urlTemplate\":\"https:\/\/redescord.com.co\/?s={search_term_string}\"},\"query-input\":\"required name=search_term_string\"}],\"inLanguage\":\"es\"},{\"@type\":\"Organization\",\"@id\":\"https:\/\/redescord.com.co\/#organization\",\"name\":\"Redescord\",\"url\":\"https:\/\/redescord.com.co\/\",\"logo\":{\"@type\":\"ImageObject\",\"inLanguage\":\"es\",\"@id\":\"https:\/\/redescord.com.co\/#\/schema\/logo\/image\/\",\"url\":\"https:\/\/redescord.com.co\/wp-content\/uploads\/2024\/04\/cropped-LOGO-RedesCord-2024-2.png\",\"contentUrl\":\"https:\/\/redescord.com.co\/wp-content\/uploads\/2024\/04\/cropped-LOGO-RedesCord-2024-2.png\",\"width\":512,\"height\":512,\"caption\":\"Redescord\"},\"image\":{\"@id\":\"https:\/\/redescord.com.co\/#\/schema\/logo\/image\/\"}}]}<\/script>\n<!-- \/ Yoast SEO plugin. -->","yoast_head_json":{"title":"Sector educativo - RedesCord","robots":{"index":"index","follow":"follow","max-snippet":"max-snippet:-1","max-image-preview":"max-image-preview:large","max-video-preview":"max-video-preview:-1"},"canonical":"https:\/\/redescord.com.co\/?page_id=120","og_locale":"es_ES","og_type":"article","og_title":"Sector educativo - RedesCord","og_description":"Prestamos la consultor\u00eda en la implementaci\u00f3n de los Data Center de su instituci\u00f3n educativa. Especialmente en aulas de sistemas dando capacitaci\u00f3n continua a los docentes. Estos son algunos de nuestros clientes en el sector educativo: &nbsp; Fundaci\u00f3n Clara Casas M\u00f3rales. Corporaci\u00f3n infancia y desarrollo.","og_url":"https:\/\/redescord.com.co\/?page_id=120","og_site_name":"RedesCord","article_modified_time":"2024-04-26T03:54:30+00:00","twitter_card":"summary_large_image","twitter_misc":{"Tiempo de lectura":"1 minuto"},"schema":{"@context":"https:\/\/schema.org","@graph":[{"@type":"WebPage","@id":"https:\/\/redescord.com.co\/?page_id=120","url":"https:\/\/redescord.com.co\/?page_id=120","name":"Sector educativo - RedesCord","isPartOf":{"@id":"https:\/\/redescord.com.co\/#website"},"datePublished":"2024-04-26T03:32:45+00:00","dateModified":"2024-04-26T03:54:30+00:00","breadcrumb":{"@id":"https:\/\/redescord.com.co\/?page_id=120#breadcrumb"},"inLanguage":"es","potentialAction":[{"@type":"ReadAction","target":["https:\/\/redescord.com.co\/?page_id=120"]}]},{"@type":"BreadcrumbList","@id":"https:\/\/redescord.com.co\/?page_id=120#breadcrumb","itemListElement":[{"@type":"ListItem","position":1,"name":"Portada","item":"https:\/\/redescord.com.co\/"},{"@type":"ListItem","position":2,"name":"Clientes","item":"https:\/\/redescord.com.co\/?page_id=87"},{"@type":"ListItem","position":3,"name":"Sector educativo"}]},{"@type":"WebSite","@id":"https:\/\/redescord.com.co\/#website","url":"https:\/\/redescord.com.co\/","name":"Redescord","description":"Soluciones tecnol\u00f3gicas a la medida de su empresa o negocio","publisher":{"@id":"https:\/\/redescord.com.co\/#organization"},"potentialAction":[{"@type":"SearchAction","target":{"@type":"EntryPoint","urlTemplate":"https:\/\/redescord.com.co\/?s={search_term_string}"},"query-input":"required name=search_term_string"}],"inLanguage":"es"},{"@type":"Organization","@id":"https:\/\/redescord.com.co\/#organization","name":"Redescord","url":"https:\/\/redescord.com.co\/","logo":{"@type":"ImageObject","inLanguage":"es","@id":"https:\/\/redescord.com.co\/#\/schema\/logo\/image\/","url":"https:\/\/redescord.com.co\/wp-content\/uploads\/2024\/04\/cropped-LOGO-RedesCord-2024-2.png","contentUrl":"https:\/\/redescord.com.co\/wp-content\/uploads\/2024\/04\/cropped-LOGO-RedesCord-2024-2.png","width":512,"height":512,"caption":"Redescord"},"image":{"@id":"https:\/\/redescord.com.co\/#\/schema\/logo\/image\/"}}]}},"_links":{"self":[{"href":"https:\/\/redescord.com.co\/index.php?rest_route=\/wp\/v2\/pages\/120","targetHints":{"allow":["GET"]}}],"collection":[{"href":"https:\/\/redescord.com.co\/index.php?rest_route=\/wp\/v2\/pages"}],"about":[{"href":"https:\/\/redescord.com.co\/index.php?rest_route=\/wp\/v2\/types\/page"}],"author":[{"embeddable":true,"href":"https:\/\/redescord.com.co\/index.php?rest_route=\/wp\/v2\/users\/1"}],"replies":[{"embeddable":true,"href":"https:\/\/redescord.com.co\/index.php?rest_route=%2Fwp%2Fv2%2Fcomments&post=120"}],"version-history":[{"count":6,"href":"https:\/\/redescord.com.co\/index.php?rest_route=\/wp\/v2\/pages\/120\/revisions"}],"predecessor-version":[{"id":133,"href":"https:\/\/redescord.com.co\/index.php?rest_route=\/wp\/v2\/pages\/120\/revisions\/133"}],"up":[{"embeddable":true,"href":"https:\/\/redescord.com.co\/index.php?rest_route=\/wp\/v2\/pages\/87"}],"wp:attachment":[{"href":"https:\/\/redescord.com.co\/index.php?rest_route=%2Fwp%2Fv2%2Fmedia&parent=120"}],"curies":[{"name":"wp","href":"https:\/\/api.w.org\/{rel}","templated":true}]}}