{"id":60,"date":"2024-04-26T02:43:36","date_gmt":"2024-04-26T00:43:36","guid":{"rendered":"https:\/\/redescord.com.co\/?page_id=60"},"modified":"2024-04-29T15:30:29","modified_gmt":"2024-04-29T20:30:29","slug":"quienes-somos","status":"publish","type":"page","link":"https:\/\/redescord.com.co\/?page_id=60","title":{"rendered":"Con\u00f3cenos"},"content":{"rendered":"\n<p><p>Expertos en metodolog\u00edas GAMP\u00ae 5. Especialistas en el desarrollo de software a medida, impulsando el crecimiento y la eficiencia de su negocio.<\/p>\n<p>Somos una empresa colombiana de servicios de tecnolog\u00eda. Trabajamos con nuestros clientes, empresas y comunidades para hacer que la tecnolog\u00eda sea accesible, sencilla y eficiente. Nuestros servicios muestran nuestro compromiso por infraestructuras tecnol\u00f3gicas a la medida para el crecimiento de su empresa.<\/p><\/p>\n\n\n\n<div class=\"wp-block-buttons is-content-justification-center is-layout-flex wp-container-core-buttons-is-layout-a89b3969 wp-block-buttons-is-layout-flex\">\n<div class=\"wp-block-button\"><a class=\"wp-block-button__link wp-element-button\" href=\"https:\/\/wa.link\/1sp0bz\">Escr\u00edbanos y obt\u00e9nga una asesor\u00eda sin costo<\/a><\/div>\n<\/div>\n\n\n\n\n\n<p><\/p>\n\n\n\n<p>&nbsp;<\/p>\n","protected":false},"excerpt":{"rendered":"<p>Expertos en metodolog\u00edas GAMP\u00ae 5. Especialistas en el desarrollo de software a medida, impulsando el crecimiento y la eficiencia de su negocio. Somos una empresa colombiana de servicios de tecnolog\u00eda. Trabajamos con nuestros clientes, empresas y comunidades para hacer que la tecnolog\u00eda sea accesible, sencilla y eficiente. Nuestros servicios muestran nuestro compromiso por infraestructuras tecnol\u00f3gicas [&hellip;]<\/p>\n","protected":false},"author":1,"featured_media":0,"parent":0,"menu_order":0,"comment_status":"closed","ping_status":"closed","template":"","meta":{"footnotes":""},"class_list":["post-60","page","type-page","status-publish","hentry"],"yoast_head":"<!-- This site is optimized with the Yoast SEO plugin v22.5 - https:\/\/yoast.com\/wordpress\/plugins\/seo\/ -->\n<title>Con\u00f3cenos - RedesCord<\/title>\n<meta name=\"description\" content=\"\u00bfQue es RedesCord? Empresa colombiana con experiencia en implementaci\u00f3n de automatizaci\u00f3n de procesos para empresas\" \/>\n<meta name=\"robots\" content=\"index, follow, max-snippet:-1, max-image-preview:large, max-video-preview:-1\" \/>\n<link rel=\"canonical\" href=\"https:\/\/redescord.com.co\/?page_id=60\" \/>\n<meta property=\"og:locale\" content=\"es_ES\" \/>\n<meta property=\"og:type\" content=\"article\" \/>\n<meta property=\"og:title\" content=\"Con\u00f3cenos - RedesCord\" \/>\n<meta property=\"og:description\" content=\"\u00bfQue es RedesCord? Empresa colombiana con experiencia en implementaci\u00f3n de automatizaci\u00f3n de procesos para empresas\" \/>\n<meta property=\"og:url\" content=\"https:\/\/redescord.com.co\/?page_id=60\" \/>\n<meta property=\"og:site_name\" content=\"RedesCord\" \/>\n<meta property=\"article:modified_time\" content=\"2024-04-29T20:30:29+00:00\" \/>\n<meta name=\"twitter:card\" content=\"summary_large_image\" \/>\n<meta name=\"twitter:label1\" content=\"Tiempo de lectura\" \/>\n\t<meta name=\"twitter:data1\" content=\"1 minuto\" \/>\n<script type=\"application\/ld+json\" class=\"yoast-schema-graph\">{\"@context\":\"https:\/\/schema.org\",\"@graph\":[{\"@type\":\"WebPage\",\"@id\":\"https:\/\/redescord.com.co\/?page_id=60\",\"url\":\"https:\/\/redescord.com.co\/?page_id=60\",\"name\":\"Con\u00f3cenos - RedesCord\",\"isPartOf\":{\"@id\":\"https:\/\/redescord.com.co\/#website\"},\"datePublished\":\"2024-04-26T00:43:36+00:00\",\"dateModified\":\"2024-04-29T20:30:29+00:00\",\"description\":\"\u00bfQue es RedesCord? Empresa colombiana con experiencia en implementaci\u00f3n de automatizaci\u00f3n de procesos para empresas\",\"breadcrumb\":{\"@id\":\"https:\/\/redescord.com.co\/?page_id=60#breadcrumb\"},\"inLanguage\":\"es\",\"potentialAction\":[{\"@type\":\"ReadAction\",\"target\":[\"https:\/\/redescord.com.co\/?page_id=60\"]}]},{\"@type\":\"BreadcrumbList\",\"@id\":\"https:\/\/redescord.com.co\/?page_id=60#breadcrumb\",\"itemListElement\":[{\"@type\":\"ListItem\",\"position\":1,\"name\":\"Portada\",\"item\":\"https:\/\/redescord.com.co\/\"},{\"@type\":\"ListItem\",\"position\":2,\"name\":\"Con\u00f3cenos\"}]},{\"@type\":\"WebSite\",\"@id\":\"https:\/\/redescord.com.co\/#website\",\"url\":\"https:\/\/redescord.com.co\/\",\"name\":\"Redescord\",\"description\":\"Soluciones tecnol\u00f3gicas a la medida de su empresa o negocio\",\"publisher\":{\"@id\":\"https:\/\/redescord.com.co\/#organization\"},\"potentialAction\":[{\"@type\":\"SearchAction\",\"target\":{\"@type\":\"EntryPoint\",\"urlTemplate\":\"https:\/\/redescord.com.co\/?s={search_term_string}\"},\"query-input\":\"required name=search_term_string\"}],\"inLanguage\":\"es\"},{\"@type\":\"Organization\",\"@id\":\"https:\/\/redescord.com.co\/#organization\",\"name\":\"Redescord\",\"url\":\"https:\/\/redescord.com.co\/\",\"logo\":{\"@type\":\"ImageObject\",\"inLanguage\":\"es\",\"@id\":\"https:\/\/redescord.com.co\/#\/schema\/logo\/image\/\",\"url\":\"https:\/\/redescord.com.co\/wp-content\/uploads\/2024\/04\/cropped-LOGO-RedesCord-2024-2.png\",\"contentUrl\":\"https:\/\/redescord.com.co\/wp-content\/uploads\/2024\/04\/cropped-LOGO-RedesCord-2024-2.png\",\"width\":512,\"height\":512,\"caption\":\"Redescord\"},\"image\":{\"@id\":\"https:\/\/redescord.com.co\/#\/schema\/logo\/image\/\"}}]}<\/script>\n<!-- \/ Yoast SEO plugin. -->","yoast_head_json":{"title":"Con\u00f3cenos - RedesCord","description":"\u00bfQue es RedesCord? Empresa colombiana con experiencia en implementaci\u00f3n de automatizaci\u00f3n de procesos para empresas","robots":{"index":"index","follow":"follow","max-snippet":"max-snippet:-1","max-image-preview":"max-image-preview:large","max-video-preview":"max-video-preview:-1"},"canonical":"https:\/\/redescord.com.co\/?page_id=60","og_locale":"es_ES","og_type":"article","og_title":"Con\u00f3cenos - RedesCord","og_description":"\u00bfQue es RedesCord? Empresa colombiana con experiencia en implementaci\u00f3n de automatizaci\u00f3n de procesos para empresas","og_url":"https:\/\/redescord.com.co\/?page_id=60","og_site_name":"RedesCord","article_modified_time":"2024-04-29T20:30:29+00:00","twitter_card":"summary_large_image","twitter_misc":{"Tiempo de lectura":"1 minuto"},"schema":{"@context":"https:\/\/schema.org","@graph":[{"@type":"WebPage","@id":"https:\/\/redescord.com.co\/?page_id=60","url":"https:\/\/redescord.com.co\/?page_id=60","name":"Con\u00f3cenos - RedesCord","isPartOf":{"@id":"https:\/\/redescord.com.co\/#website"},"datePublished":"2024-04-26T00:43:36+00:00","dateModified":"2024-04-29T20:30:29+00:00","description":"\u00bfQue es RedesCord? Empresa colombiana con experiencia en implementaci\u00f3n de automatizaci\u00f3n de procesos para empresas","breadcrumb":{"@id":"https:\/\/redescord.com.co\/?page_id=60#breadcrumb"},"inLanguage":"es","potentialAction":[{"@type":"ReadAction","target":["https:\/\/redescord.com.co\/?page_id=60"]}]},{"@type":"BreadcrumbList","@id":"https:\/\/redescord.com.co\/?page_id=60#breadcrumb","itemListElement":[{"@type":"ListItem","position":1,"name":"Portada","item":"https:\/\/redescord.com.co\/"},{"@type":"ListItem","position":2,"name":"Con\u00f3cenos"}]},{"@type":"WebSite","@id":"https:\/\/redescord.com.co\/#website","url":"https:\/\/redescord.com.co\/","name":"Redescord","description":"Soluciones tecnol\u00f3gicas a la medida de su empresa o negocio","publisher":{"@id":"https:\/\/redescord.com.co\/#organization"},"potentialAction":[{"@type":"SearchAction","target":{"@type":"EntryPoint","urlTemplate":"https:\/\/redescord.com.co\/?s={search_term_string}"},"query-input":"required name=search_term_string"}],"inLanguage":"es"},{"@type":"Organization","@id":"https:\/\/redescord.com.co\/#organization","name":"Redescord","url":"https:\/\/redescord.com.co\/","logo":{"@type":"ImageObject","inLanguage":"es","@id":"https:\/\/redescord.com.co\/#\/schema\/logo\/image\/","url":"https:\/\/redescord.com.co\/wp-content\/uploads\/2024\/04\/cropped-LOGO-RedesCord-2024-2.png","contentUrl":"https:\/\/redescord.com.co\/wp-content\/uploads\/2024\/04\/cropped-LOGO-RedesCord-2024-2.png","width":512,"height":512,"caption":"Redescord"},"image":{"@id":"https:\/\/redescord.com.co\/#\/schema\/logo\/image\/"}}]}},"_links":{"self":[{"href":"https:\/\/redescord.com.co\/index.php?rest_route=\/wp\/v2\/pages\/60","targetHints":{"allow":["GET"]}}],"collection":[{"href":"https:\/\/redescord.com.co\/index.php?rest_route=\/wp\/v2\/pages"}],"about":[{"href":"https:\/\/redescord.com.co\/index.php?rest_route=\/wp\/v2\/types\/page"}],"author":[{"embeddable":true,"href":"https:\/\/redescord.com.co\/index.php?rest_route=\/wp\/v2\/users\/1"}],"replies":[{"embeddable":true,"href":"https:\/\/redescord.com.co\/index.php?rest_route=%2Fwp%2Fv2%2Fcomments&post=60"}],"version-history":[{"count":9,"href":"https:\/\/redescord.com.co\/index.php?rest_route=\/wp\/v2\/pages\/60\/revisions"}],"predecessor-version":[{"id":183,"href":"https:\/\/redescord.com.co\/index.php?rest_route=\/wp\/v2\/pages\/60\/revisions\/183"}],"wp:attachment":[{"href":"https:\/\/redescord.com.co\/index.php?rest_route=%2Fwp%2Fv2%2Fmedia&parent=60"}],"curies":[{"name":"wp","href":"https:\/\/api.w.org\/{rel}","templated":true}]}}