{"id":82,"date":"2024-04-26T04:41:43","date_gmt":"2024-04-26T02:41:43","guid":{"rendered":"https:\/\/redescord.com.co\/?page_id=82"},"modified":"2024-04-27T02:24:11","modified_gmt":"2024-04-27T00:24:11","slug":"nuestra-historia","status":"publish","type":"page","link":"https:\/\/redescord.com.co\/?page_id=82","title":{"rendered":"Nuestra historia"},"content":{"rendered":"<p>En el a\u00f1o 2012, naci\u00f3 RedesCord de un sue\u00f1o y una determinaci\u00f3n inquebrantable. Impulsada por la visi\u00f3n de alcanzar la independencia econ\u00f3mica y convertirse en una l\u00edder en el \u00e1rea de Tecnolog\u00edas automatizaci\u00f3n industrial, su fundadora se embarc\u00f3 en un viaje de aprendizaje y crecimiento. Bendecida con el conocimiento y las habilidades adquiridas a lo largo de su trayectoria trabajando con diversas empresas, se forj\u00f3 como la empresaria que es hoy en d\u00eda.<\/p>\n<p>De esta valiosa experiencia surgi\u00f3 RedesCord Innovaci\u00f3n Tecnol\u00f3gica, una fusi\u00f3n de pasi\u00f3n por las redes de cableado estructurado, la tecnolog\u00eda y la unificaci\u00f3n de procesos. El nombre &#8216;RedesCord&#8217; es la uni\u00f3n de dos palabras \u201cRedes\u201d y \u201cCord\u201d del apellido de su fundadora y el cual hace homenaje al legado de su padre, cuyo apellido &#8216;C\u00f3rdoba&#8217; inspir\u00f3 el esp\u00edritu emprendedor que la gui\u00f3 en cada paso del camino.<\/p>\n<p>Desde sus inicios, RedesCord ha dejado una huella significativa en el campo de la tecnolog\u00eda, desarrollando proyectos de cableado estructurado para instituciones educativas. La satisfacci\u00f3n de ver a antiguos clientes convertirse en aliados fieles es un testimonio del compromiso de RedesCord con la excelencia y la contribuci\u00f3n a la formaci\u00f3n de futuros profesionales en el mundo de la tecnolog\u00eda.<\/p>\n<p><strong><em>\u201c\u00danete a nosotros en este apasionante viaje hacia la innovaci\u00f3n y el progreso tecnol\u00f3gico\u00bb<\/em><\/strong> &#8211; Menciona nuestra fundadora, la ingeniera Nancy Bibiana C\u00f3rdoba Caicedo.<\/p>\n<p>&nbsp;<\/p>\n<h3>Hitos hist\u00f3ricos:<\/h3>\n<ul>\n<li><strong>Partner oficial de Microsoft<\/strong> para venta de licenciamiento de software educativo\/empresarial.<\/li>\n<li><strong>Continuaci\u00f3n de la operaci\u00f3n en el periodo de pandemia<\/strong> prestando servicios tecnol\u00f3gicos de forma remota.<\/li>\n<li><strong>Nueva unidad de negocios desarrollo de software plataforma Microsoft<\/strong> (Angulas,Red Hard, Servicios API y base de datos SQL Server).<\/li>\n<li>Nueva unidad de negocio <b>Validaci\u00f3n de sistemas computarizados<\/b>.<\/li>\n<li><strong>Se inicia negocios con 2 empresas farmac\u00e9uticas<\/strong> y empresa de servicios energ\u00e9ticos.<\/li>\n<li>Se contin\u00faa desarrollando software para los clientes para mejorar sus procesos operativos utilizando herramientas de Microsoft y Google.<\/li>\n<li><strong>Se adquiere el primer servidor en la Nube en Google<\/strong> para montar el software de an\u00e1lisis de materias primas para ofertar a los clientes del sector Farmac\u00e9utico y <strong>creaci\u00f3n de APIS utilizando AppSheet.<\/strong><\/li>\n<\/ul>\n","protected":false},"excerpt":{"rendered":"<p>En el a\u00f1o 2012, naci\u00f3 RedesCord de un sue\u00f1o y una determinaci\u00f3n inquebrantable. Impulsada por la visi\u00f3n de alcanzar la independencia econ\u00f3mica y convertirse en una l\u00edder en el \u00e1rea de Tecnolog\u00edas automatizaci\u00f3n industrial, su fundadora se embarc\u00f3 en un viaje de aprendizaje y crecimiento. Bendecida con el conocimiento y las habilidades adquiridas a lo [&hellip;]<\/p>\n","protected":false},"author":1,"featured_media":0,"parent":60,"menu_order":0,"comment_status":"closed","ping_status":"closed","template":"","meta":{"footnotes":""},"class_list":["post-82","page","type-page","status-publish","hentry"],"yoast_head":"<!-- This site is optimized with the Yoast SEO plugin v22.5 - https:\/\/yoast.com\/wordpress\/plugins\/seo\/ -->\n<title>Nuestra historia - RedesCord<\/title>\n<meta name=\"description\" content=\"En el a\u00f1o 2012, naci\u00f3 RedesCord de un sue\u00f1o y una determinaci\u00f3n inquebrantable. Impulsada por la visi\u00f3n de alcanzar la independencia econ\u00f3mica y convertirse en una l\u00edder en el \u00e1rea de Tecnolog\u00edas automatizaci\u00f3n industrial, su fundadora se embarc\u00f3 en un viaje de aprendizaje y crecimiento.\" \/>\n<meta name=\"robots\" content=\"index, follow, max-snippet:-1, max-image-preview:large, max-video-preview:-1\" \/>\n<link rel=\"canonical\" href=\"https:\/\/redescord.com.co\/?page_id=82\" \/>\n<meta property=\"og:locale\" content=\"es_ES\" \/>\n<meta property=\"og:type\" content=\"article\" \/>\n<meta property=\"og:title\" content=\"Nuestra historia - RedesCord\" \/>\n<meta property=\"og:description\" content=\"En el a\u00f1o 2012, naci\u00f3 RedesCord de un sue\u00f1o y una determinaci\u00f3n inquebrantable. Impulsada por la visi\u00f3n de alcanzar la independencia econ\u00f3mica y convertirse en una l\u00edder en el \u00e1rea de Tecnolog\u00edas automatizaci\u00f3n industrial, su fundadora se embarc\u00f3 en un viaje de aprendizaje y crecimiento.\" \/>\n<meta property=\"og:url\" content=\"https:\/\/redescord.com.co\/?page_id=82\" \/>\n<meta property=\"og:site_name\" content=\"RedesCord\" \/>\n<meta property=\"article:modified_time\" content=\"2024-04-27T00:24:11+00:00\" \/>\n<meta name=\"twitter:card\" content=\"summary_large_image\" \/>\n<meta name=\"twitter:label1\" content=\"Tiempo de lectura\" \/>\n\t<meta name=\"twitter:data1\" content=\"2 minutos\" \/>\n<script type=\"application\/ld+json\" class=\"yoast-schema-graph\">{\"@context\":\"https:\/\/schema.org\",\"@graph\":[{\"@type\":\"WebPage\",\"@id\":\"https:\/\/redescord.com.co\/?page_id=82\",\"url\":\"https:\/\/redescord.com.co\/?page_id=82\",\"name\":\"Nuestra historia - RedesCord\",\"isPartOf\":{\"@id\":\"https:\/\/redescord.com.co\/#website\"},\"datePublished\":\"2024-04-26T02:41:43+00:00\",\"dateModified\":\"2024-04-27T00:24:11+00:00\",\"description\":\"En el a\u00f1o 2012, naci\u00f3 RedesCord de un sue\u00f1o y una determinaci\u00f3n inquebrantable. Impulsada por la visi\u00f3n de alcanzar la independencia econ\u00f3mica y convertirse en una l\u00edder en el \u00e1rea de Tecnolog\u00edas automatizaci\u00f3n industrial, su fundadora se embarc\u00f3 en un viaje de aprendizaje y crecimiento.\",\"breadcrumb\":{\"@id\":\"https:\/\/redescord.com.co\/?page_id=82#breadcrumb\"},\"inLanguage\":\"es\",\"potentialAction\":[{\"@type\":\"ReadAction\",\"target\":[\"https:\/\/redescord.com.co\/?page_id=82\"]}]},{\"@type\":\"BreadcrumbList\",\"@id\":\"https:\/\/redescord.com.co\/?page_id=82#breadcrumb\",\"itemListElement\":[{\"@type\":\"ListItem\",\"position\":1,\"name\":\"Portada\",\"item\":\"https:\/\/redescord.com.co\/\"},{\"@type\":\"ListItem\",\"position\":2,\"name\":\"Con\u00f3cenos\",\"item\":\"https:\/\/redescord.com.co\/?page_id=60\"},{\"@type\":\"ListItem\",\"position\":3,\"name\":\"Nuestra historia\"}]},{\"@type\":\"WebSite\",\"@id\":\"https:\/\/redescord.com.co\/#website\",\"url\":\"https:\/\/redescord.com.co\/\",\"name\":\"Redescord\",\"description\":\"Soluciones tecnol\u00f3gicas a la medida de su empresa o negocio\",\"publisher\":{\"@id\":\"https:\/\/redescord.com.co\/#organization\"},\"potentialAction\":[{\"@type\":\"SearchAction\",\"target\":{\"@type\":\"EntryPoint\",\"urlTemplate\":\"https:\/\/redescord.com.co\/?s={search_term_string}\"},\"query-input\":\"required name=search_term_string\"}],\"inLanguage\":\"es\"},{\"@type\":\"Organization\",\"@id\":\"https:\/\/redescord.com.co\/#organization\",\"name\":\"Redescord\",\"url\":\"https:\/\/redescord.com.co\/\",\"logo\":{\"@type\":\"ImageObject\",\"inLanguage\":\"es\",\"@id\":\"https:\/\/redescord.com.co\/#\/schema\/logo\/image\/\",\"url\":\"https:\/\/redescord.com.co\/wp-content\/uploads\/2024\/04\/cropped-LOGO-RedesCord-2024-2.png\",\"contentUrl\":\"https:\/\/redescord.com.co\/wp-content\/uploads\/2024\/04\/cropped-LOGO-RedesCord-2024-2.png\",\"width\":512,\"height\":512,\"caption\":\"Redescord\"},\"image\":{\"@id\":\"https:\/\/redescord.com.co\/#\/schema\/logo\/image\/\"}}]}<\/script>\n<!-- \/ Yoast SEO plugin. -->","yoast_head_json":{"title":"Nuestra historia - RedesCord","description":"En el a\u00f1o 2012, naci\u00f3 RedesCord de un sue\u00f1o y una determinaci\u00f3n inquebrantable. Impulsada por la visi\u00f3n de alcanzar la independencia econ\u00f3mica y convertirse en una l\u00edder en el \u00e1rea de Tecnolog\u00edas automatizaci\u00f3n industrial, su fundadora se embarc\u00f3 en un viaje de aprendizaje y crecimiento.","robots":{"index":"index","follow":"follow","max-snippet":"max-snippet:-1","max-image-preview":"max-image-preview:large","max-video-preview":"max-video-preview:-1"},"canonical":"https:\/\/redescord.com.co\/?page_id=82","og_locale":"es_ES","og_type":"article","og_title":"Nuestra historia - RedesCord","og_description":"En el a\u00f1o 2012, naci\u00f3 RedesCord de un sue\u00f1o y una determinaci\u00f3n inquebrantable. Impulsada por la visi\u00f3n de alcanzar la independencia econ\u00f3mica y convertirse en una l\u00edder en el \u00e1rea de Tecnolog\u00edas automatizaci\u00f3n industrial, su fundadora se embarc\u00f3 en un viaje de aprendizaje y crecimiento.","og_url":"https:\/\/redescord.com.co\/?page_id=82","og_site_name":"RedesCord","article_modified_time":"2024-04-27T00:24:11+00:00","twitter_card":"summary_large_image","twitter_misc":{"Tiempo de lectura":"2 minutos"},"schema":{"@context":"https:\/\/schema.org","@graph":[{"@type":"WebPage","@id":"https:\/\/redescord.com.co\/?page_id=82","url":"https:\/\/redescord.com.co\/?page_id=82","name":"Nuestra historia - RedesCord","isPartOf":{"@id":"https:\/\/redescord.com.co\/#website"},"datePublished":"2024-04-26T02:41:43+00:00","dateModified":"2024-04-27T00:24:11+00:00","description":"En el a\u00f1o 2012, naci\u00f3 RedesCord de un sue\u00f1o y una determinaci\u00f3n inquebrantable. Impulsada por la visi\u00f3n de alcanzar la independencia econ\u00f3mica y convertirse en una l\u00edder en el \u00e1rea de Tecnolog\u00edas automatizaci\u00f3n industrial, su fundadora se embarc\u00f3 en un viaje de aprendizaje y crecimiento.","breadcrumb":{"@id":"https:\/\/redescord.com.co\/?page_id=82#breadcrumb"},"inLanguage":"es","potentialAction":[{"@type":"ReadAction","target":["https:\/\/redescord.com.co\/?page_id=82"]}]},{"@type":"BreadcrumbList","@id":"https:\/\/redescord.com.co\/?page_id=82#breadcrumb","itemListElement":[{"@type":"ListItem","position":1,"name":"Portada","item":"https:\/\/redescord.com.co\/"},{"@type":"ListItem","position":2,"name":"Con\u00f3cenos","item":"https:\/\/redescord.com.co\/?page_id=60"},{"@type":"ListItem","position":3,"name":"Nuestra historia"}]},{"@type":"WebSite","@id":"https:\/\/redescord.com.co\/#website","url":"https:\/\/redescord.com.co\/","name":"Redescord","description":"Soluciones tecnol\u00f3gicas a la medida de su empresa o negocio","publisher":{"@id":"https:\/\/redescord.com.co\/#organization"},"potentialAction":[{"@type":"SearchAction","target":{"@type":"EntryPoint","urlTemplate":"https:\/\/redescord.com.co\/?s={search_term_string}"},"query-input":"required name=search_term_string"}],"inLanguage":"es"},{"@type":"Organization","@id":"https:\/\/redescord.com.co\/#organization","name":"Redescord","url":"https:\/\/redescord.com.co\/","logo":{"@type":"ImageObject","inLanguage":"es","@id":"https:\/\/redescord.com.co\/#\/schema\/logo\/image\/","url":"https:\/\/redescord.com.co\/wp-content\/uploads\/2024\/04\/cropped-LOGO-RedesCord-2024-2.png","contentUrl":"https:\/\/redescord.com.co\/wp-content\/uploads\/2024\/04\/cropped-LOGO-RedesCord-2024-2.png","width":512,"height":512,"caption":"Redescord"},"image":{"@id":"https:\/\/redescord.com.co\/#\/schema\/logo\/image\/"}}]}},"_links":{"self":[{"href":"https:\/\/redescord.com.co\/index.php?rest_route=\/wp\/v2\/pages\/82","targetHints":{"allow":["GET"]}}],"collection":[{"href":"https:\/\/redescord.com.co\/index.php?rest_route=\/wp\/v2\/pages"}],"about":[{"href":"https:\/\/redescord.com.co\/index.php?rest_route=\/wp\/v2\/types\/page"}],"author":[{"embeddable":true,"href":"https:\/\/redescord.com.co\/index.php?rest_route=\/wp\/v2\/users\/1"}],"replies":[{"embeddable":true,"href":"https:\/\/redescord.com.co\/index.php?rest_route=%2Fwp%2Fv2%2Fcomments&post=82"}],"version-history":[{"count":13,"href":"https:\/\/redescord.com.co\/index.php?rest_route=\/wp\/v2\/pages\/82\/revisions"}],"predecessor-version":[{"id":165,"href":"https:\/\/redescord.com.co\/index.php?rest_route=\/wp\/v2\/pages\/82\/revisions\/165"}],"up":[{"embeddable":true,"href":"https:\/\/redescord.com.co\/index.php?rest_route=\/wp\/v2\/pages\/60"}],"wp:attachment":[{"href":"https:\/\/redescord.com.co\/index.php?rest_route=%2Fwp%2Fv2%2Fmedia&parent=82"}],"curies":[{"name":"wp","href":"https:\/\/api.w.org\/{rel}","templated":true}]}}