{"id":84,"date":"2024-04-26T04:43:47","date_gmt":"2024-04-26T02:43:47","guid":{"rendered":"https:\/\/redescord.com.co\/?page_id=84"},"modified":"2024-04-26T20:01:13","modified_gmt":"2024-04-27T01:01:13","slug":"mision-y-vision","status":"publish","type":"page","link":"https:\/\/redescord.com.co\/?page_id=84","title":{"rendered":"Misi\u00f3n, Visi\u00f3n y Valores"},"content":{"rendered":"<h2 class=\"wp-block-heading\">Misi\u00f3n<\/h2>\n<p>Apoyar a nuestros clientes en sus necesidades tecnol\u00f3gicas compartiendo el conocimiento integral de nuestro recurso humano ofreciendo innovaci\u00f3n para la mejora continua de su infraestructura tecnol\u00f3gica y de software para lograr el crecimiento organizacional.<\/p>\n<p>&nbsp;<\/p>\n<h2 class=\"wp-block-heading\">Visi\u00f3n<\/h2>\n<p>Para el a\u00f1o 2030 ser l\u00edderes en soporte y asesoramiento tecnol\u00f3gico para nuestros clientes, ofreciendo innovaci\u00f3n en la infraestructura tecnol\u00f3gica generando credibilidad garantizando un adecuado uso de los recursos tecnol\u00f3gicos con los m\u00e1s altos est\u00e1ndares de calidad.<\/p>\n<p>&nbsp;<\/p>\n<h2 class=\"wp-block-heading\">Prop\u00f3sito central<\/h2>\n<p><span style=\"font-weight: 400;\">En el a\u00f1o 2030 poder ayudar a las empresas Pymes que implementen herramientas m\u00f3viles para la captura de datos y generar as\u00ed sus tableros de control para su propio beneficio para que sigan en el mercado a un bajo costo. <\/span><\/p>\n<p>&nbsp;<\/p>\n<h2><span style=\"color: #000000;\">Valores corporativos<\/span><\/h2>\n<p><span style=\"color: #000000;\">Nuestros valores ayudan a construir la cultura empresarial RedesCord:<\/span><\/p>\n<p>&nbsp;<\/p>\n<ul>\n<li><span style=\"color: #000000;\"><strong>Responsabilidad: <\/strong>Cumplir con las entregas pactadas y los compromisos adquiridos con nuestros clientes.<\/span><\/li>\n<li><span style=\"color: #000000;\"><strong>Honestidad:<\/strong> Ser transparentes con nuestros clientes prevaleciendo siempre con la verdad en las novedades de las labores ejecutadas.<\/span><\/li>\n<li><span style=\"color: #000000;\"><strong>Integridad:<\/strong> Dar tranquilidad a nuestros clientes que la informaci\u00f3n entregada est\u00e1 protegida y que cumplimos con los acuerdos de confidencialidad pactados.<\/span><\/li>\n<li><span style=\"color: #000000;\"><strong>Persistencia:\u00a0<\/strong>Somos persistentes en el cumplimiento de nuestros proyectos y metas superando las circunstancias del entorno.<\/span><\/li>\n<li><span style=\"color: #000000;\"><strong>Emprendedor:<\/strong> Buscamos alternativas para dar soluci\u00f3n, ser creativos e innovadores para ofrecer soluciones a nuestros clientes.<\/span><\/li>\n<li><span style=\"color: #000000;\"><strong>De mente abierta:<\/strong> Contamos con disposici\u00f3n a ejecutar labores en los entornos y circunstancias siempre a la escucha de nuevas ideas que sean de beneficio para nuestros clientes.<\/span><\/li>\n<\/ul>\n<p><img loading=\"lazy\" decoding=\"async\" class=\"wp-image-139 size-large\" src=\"https:\/\/redescord.com.co\/wp-content\/uploads\/2024\/04\/RedesCord-Valores-935x1024.jpg\" alt=\"RedesCord valores corporativos\" width=\"935\" height=\"1024\" srcset=\"https:\/\/redescord.com.co\/wp-content\/uploads\/2024\/04\/RedesCord-Valores-935x1024.jpg 935w, https:\/\/redescord.com.co\/wp-content\/uploads\/2024\/04\/RedesCord-Valores-274x300.jpg 274w, https:\/\/redescord.com.co\/wp-content\/uploads\/2024\/04\/RedesCord-Valores-768x841.jpg 768w, https:\/\/redescord.com.co\/wp-content\/uploads\/2024\/04\/RedesCord-Valores-1403x1536.jpg 1403w, https:\/\/redescord.com.co\/wp-content\/uploads\/2024\/04\/RedesCord-Valores.jpg 1571w\" sizes=\"auto, (max-width: 935px) 100vw, 935px\" \/><\/p>\n","protected":false},"excerpt":{"rendered":"<p>Misi\u00f3n Apoyar a nuestros clientes en sus necesidades tecnol\u00f3gicas compartiendo el conocimiento integral de nuestro recurso humano ofreciendo innovaci\u00f3n para la mejora continua de su infraestructura tecnol\u00f3gica y de software para lograr el crecimiento organizacional. &nbsp; Visi\u00f3n Para el a\u00f1o 2030 ser l\u00edderes en soporte y asesoramiento tecnol\u00f3gico para nuestros clientes, ofreciendo innovaci\u00f3n en la [&hellip;]<\/p>\n","protected":false},"author":1,"featured_media":0,"parent":60,"menu_order":2,"comment_status":"closed","ping_status":"closed","template":"","meta":{"footnotes":""},"class_list":["post-84","page","type-page","status-publish","hentry"],"yoast_head":"<!-- This site is optimized with the Yoast SEO plugin v22.5 - https:\/\/yoast.com\/wordpress\/plugins\/seo\/ -->\n<title>Misi\u00f3n, Visi\u00f3n y Valores - RedesCord<\/title>\n<meta name=\"robots\" content=\"index, follow, max-snippet:-1, max-image-preview:large, max-video-preview:-1\" \/>\n<link rel=\"canonical\" href=\"https:\/\/redescord.com.co\/?page_id=84\" \/>\n<meta property=\"og:locale\" content=\"es_ES\" \/>\n<meta property=\"og:type\" content=\"article\" \/>\n<meta property=\"og:title\" content=\"Misi\u00f3n, Visi\u00f3n y Valores - RedesCord\" \/>\n<meta property=\"og:description\" content=\"Misi\u00f3n Apoyar a nuestros clientes en sus necesidades tecnol\u00f3gicas compartiendo el conocimiento integral de nuestro recurso humano ofreciendo innovaci\u00f3n para la mejora continua de su infraestructura tecnol\u00f3gica y de software para lograr el crecimiento organizacional. &nbsp; Visi\u00f3n Para el a\u00f1o 2030 ser l\u00edderes en soporte y asesoramiento tecnol\u00f3gico para nuestros clientes, ofreciendo innovaci\u00f3n en la [&hellip;]\" \/>\n<meta property=\"og:url\" content=\"https:\/\/redescord.com.co\/?page_id=84\" \/>\n<meta property=\"og:site_name\" content=\"RedesCord\" \/>\n<meta property=\"article:modified_time\" content=\"2024-04-27T01:01:13+00:00\" \/>\n<meta property=\"og:image\" content=\"https:\/\/redescord.com.co\/wp-content\/uploads\/2024\/04\/RedesCord-Valores-935x1024.jpg\" \/>\n<meta name=\"twitter:card\" content=\"summary_large_image\" \/>\n<meta name=\"twitter:label1\" content=\"Tiempo de lectura\" \/>\n\t<meta name=\"twitter:data1\" content=\"2 minutos\" \/>\n<script type=\"application\/ld+json\" class=\"yoast-schema-graph\">{\"@context\":\"https:\/\/schema.org\",\"@graph\":[{\"@type\":\"WebPage\",\"@id\":\"https:\/\/redescord.com.co\/?page_id=84\",\"url\":\"https:\/\/redescord.com.co\/?page_id=84\",\"name\":\"Misi\u00f3n, Visi\u00f3n y Valores - RedesCord\",\"isPartOf\":{\"@id\":\"https:\/\/redescord.com.co\/#website\"},\"primaryImageOfPage\":{\"@id\":\"https:\/\/redescord.com.co\/?page_id=84#primaryimage\"},\"image\":{\"@id\":\"https:\/\/redescord.com.co\/?page_id=84#primaryimage\"},\"thumbnailUrl\":\"https:\/\/redescord.com.co\/wp-content\/uploads\/2024\/04\/RedesCord-Valores-935x1024.jpg\",\"datePublished\":\"2024-04-26T02:43:47+00:00\",\"dateModified\":\"2024-04-27T01:01:13+00:00\",\"breadcrumb\":{\"@id\":\"https:\/\/redescord.com.co\/?page_id=84#breadcrumb\"},\"inLanguage\":\"es\",\"potentialAction\":[{\"@type\":\"ReadAction\",\"target\":[\"https:\/\/redescord.com.co\/?page_id=84\"]}]},{\"@type\":\"ImageObject\",\"inLanguage\":\"es\",\"@id\":\"https:\/\/redescord.com.co\/?page_id=84#primaryimage\",\"url\":\"https:\/\/redescord.com.co\/wp-content\/uploads\/2024\/04\/RedesCord-Valores.jpg\",\"contentUrl\":\"https:\/\/redescord.com.co\/wp-content\/uploads\/2024\/04\/RedesCord-Valores.jpg\",\"width\":1571,\"height\":1720,\"caption\":\"Nuestros valores, pilar del trabajo en RedesCord\"},{\"@type\":\"BreadcrumbList\",\"@id\":\"https:\/\/redescord.com.co\/?page_id=84#breadcrumb\",\"itemListElement\":[{\"@type\":\"ListItem\",\"position\":1,\"name\":\"Portada\",\"item\":\"https:\/\/redescord.com.co\/\"},{\"@type\":\"ListItem\",\"position\":2,\"name\":\"Con\u00f3cenos\",\"item\":\"https:\/\/redescord.com.co\/?page_id=60\"},{\"@type\":\"ListItem\",\"position\":3,\"name\":\"Misi\u00f3n, Visi\u00f3n y Valores\"}]},{\"@type\":\"WebSite\",\"@id\":\"https:\/\/redescord.com.co\/#website\",\"url\":\"https:\/\/redescord.com.co\/\",\"name\":\"Redescord\",\"description\":\"Soluciones tecnol\u00f3gicas a la medida de su empresa o negocio\",\"publisher\":{\"@id\":\"https:\/\/redescord.com.co\/#organization\"},\"potentialAction\":[{\"@type\":\"SearchAction\",\"target\":{\"@type\":\"EntryPoint\",\"urlTemplate\":\"https:\/\/redescord.com.co\/?s={search_term_string}\"},\"query-input\":\"required name=search_term_string\"}],\"inLanguage\":\"es\"},{\"@type\":\"Organization\",\"@id\":\"https:\/\/redescord.com.co\/#organization\",\"name\":\"Redescord\",\"url\":\"https:\/\/redescord.com.co\/\",\"logo\":{\"@type\":\"ImageObject\",\"inLanguage\":\"es\",\"@id\":\"https:\/\/redescord.com.co\/#\/schema\/logo\/image\/\",\"url\":\"https:\/\/redescord.com.co\/wp-content\/uploads\/2024\/04\/cropped-LOGO-RedesCord-2024-2.png\",\"contentUrl\":\"https:\/\/redescord.com.co\/wp-content\/uploads\/2024\/04\/cropped-LOGO-RedesCord-2024-2.png\",\"width\":512,\"height\":512,\"caption\":\"Redescord\"},\"image\":{\"@id\":\"https:\/\/redescord.com.co\/#\/schema\/logo\/image\/\"}}]}<\/script>\n<!-- \/ Yoast SEO plugin. -->","yoast_head_json":{"title":"Misi\u00f3n, Visi\u00f3n y Valores - RedesCord","robots":{"index":"index","follow":"follow","max-snippet":"max-snippet:-1","max-image-preview":"max-image-preview:large","max-video-preview":"max-video-preview:-1"},"canonical":"https:\/\/redescord.com.co\/?page_id=84","og_locale":"es_ES","og_type":"article","og_title":"Misi\u00f3n, Visi\u00f3n y Valores - RedesCord","og_description":"Misi\u00f3n Apoyar a nuestros clientes en sus necesidades tecnol\u00f3gicas compartiendo el conocimiento integral de nuestro recurso humano ofreciendo innovaci\u00f3n para la mejora continua de su infraestructura tecnol\u00f3gica y de software para lograr el crecimiento organizacional. &nbsp; Visi\u00f3n Para el a\u00f1o 2030 ser l\u00edderes en soporte y asesoramiento tecnol\u00f3gico para nuestros clientes, ofreciendo innovaci\u00f3n en la [&hellip;]","og_url":"https:\/\/redescord.com.co\/?page_id=84","og_site_name":"RedesCord","article_modified_time":"2024-04-27T01:01:13+00:00","og_image":[{"url":"https:\/\/redescord.com.co\/wp-content\/uploads\/2024\/04\/RedesCord-Valores-935x1024.jpg"}],"twitter_card":"summary_large_image","twitter_misc":{"Tiempo de lectura":"2 minutos"},"schema":{"@context":"https:\/\/schema.org","@graph":[{"@type":"WebPage","@id":"https:\/\/redescord.com.co\/?page_id=84","url":"https:\/\/redescord.com.co\/?page_id=84","name":"Misi\u00f3n, Visi\u00f3n y Valores - RedesCord","isPartOf":{"@id":"https:\/\/redescord.com.co\/#website"},"primaryImageOfPage":{"@id":"https:\/\/redescord.com.co\/?page_id=84#primaryimage"},"image":{"@id":"https:\/\/redescord.com.co\/?page_id=84#primaryimage"},"thumbnailUrl":"https:\/\/redescord.com.co\/wp-content\/uploads\/2024\/04\/RedesCord-Valores-935x1024.jpg","datePublished":"2024-04-26T02:43:47+00:00","dateModified":"2024-04-27T01:01:13+00:00","breadcrumb":{"@id":"https:\/\/redescord.com.co\/?page_id=84#breadcrumb"},"inLanguage":"es","potentialAction":[{"@type":"ReadAction","target":["https:\/\/redescord.com.co\/?page_id=84"]}]},{"@type":"ImageObject","inLanguage":"es","@id":"https:\/\/redescord.com.co\/?page_id=84#primaryimage","url":"https:\/\/redescord.com.co\/wp-content\/uploads\/2024\/04\/RedesCord-Valores.jpg","contentUrl":"https:\/\/redescord.com.co\/wp-content\/uploads\/2024\/04\/RedesCord-Valores.jpg","width":1571,"height":1720,"caption":"Nuestros valores, pilar del trabajo en RedesCord"},{"@type":"BreadcrumbList","@id":"https:\/\/redescord.com.co\/?page_id=84#breadcrumb","itemListElement":[{"@type":"ListItem","position":1,"name":"Portada","item":"https:\/\/redescord.com.co\/"},{"@type":"ListItem","position":2,"name":"Con\u00f3cenos","item":"https:\/\/redescord.com.co\/?page_id=60"},{"@type":"ListItem","position":3,"name":"Misi\u00f3n, Visi\u00f3n y Valores"}]},{"@type":"WebSite","@id":"https:\/\/redescord.com.co\/#website","url":"https:\/\/redescord.com.co\/","name":"Redescord","description":"Soluciones tecnol\u00f3gicas a la medida de su empresa o negocio","publisher":{"@id":"https:\/\/redescord.com.co\/#organization"},"potentialAction":[{"@type":"SearchAction","target":{"@type":"EntryPoint","urlTemplate":"https:\/\/redescord.com.co\/?s={search_term_string}"},"query-input":"required name=search_term_string"}],"inLanguage":"es"},{"@type":"Organization","@id":"https:\/\/redescord.com.co\/#organization","name":"Redescord","url":"https:\/\/redescord.com.co\/","logo":{"@type":"ImageObject","inLanguage":"es","@id":"https:\/\/redescord.com.co\/#\/schema\/logo\/image\/","url":"https:\/\/redescord.com.co\/wp-content\/uploads\/2024\/04\/cropped-LOGO-RedesCord-2024-2.png","contentUrl":"https:\/\/redescord.com.co\/wp-content\/uploads\/2024\/04\/cropped-LOGO-RedesCord-2024-2.png","width":512,"height":512,"caption":"Redescord"},"image":{"@id":"https:\/\/redescord.com.co\/#\/schema\/logo\/image\/"}}]}},"_links":{"self":[{"href":"https:\/\/redescord.com.co\/index.php?rest_route=\/wp\/v2\/pages\/84","targetHints":{"allow":["GET"]}}],"collection":[{"href":"https:\/\/redescord.com.co\/index.php?rest_route=\/wp\/v2\/pages"}],"about":[{"href":"https:\/\/redescord.com.co\/index.php?rest_route=\/wp\/v2\/types\/page"}],"author":[{"embeddable":true,"href":"https:\/\/redescord.com.co\/index.php?rest_route=\/wp\/v2\/users\/1"}],"replies":[{"embeddable":true,"href":"https:\/\/redescord.com.co\/index.php?rest_route=%2Fwp%2Fv2%2Fcomments&post=84"}],"version-history":[{"count":14,"href":"https:\/\/redescord.com.co\/index.php?rest_route=\/wp\/v2\/pages\/84\/revisions"}],"predecessor-version":[{"id":171,"href":"https:\/\/redescord.com.co\/index.php?rest_route=\/wp\/v2\/pages\/84\/revisions\/171"}],"up":[{"embeddable":true,"href":"https:\/\/redescord.com.co\/index.php?rest_route=\/wp\/v2\/pages\/60"}],"wp:attachment":[{"href":"https:\/\/redescord.com.co\/index.php?rest_route=%2Fwp%2Fv2%2Fmedia&parent=84"}],"curies":[{"name":"wp","href":"https:\/\/api.w.org\/{rel}","templated":true}]}}